{"id":1613,"date":"2015-02-03T14:49:09","date_gmt":"2015-02-03T14:49:09","guid":{"rendered":"http:\/\/gptest.online\/eternitycook\/?page_id=1613"},"modified":"2022-04-14T16:02:08","modified_gmt":"2022-04-14T13:02:08","slug":"contact","status":"publish","type":"page","link":"https:\/\/www.eternitycook.com\/en\/contact\/","title":{"rendered":"Contact"},"content":{"rendered":"<div class=\"wpb-content-wrapper\"><p>[vc_row css=&#8221;.vc_custom_1598035068048{margin-bottom: 0px !important;}&#8221;][vc_column][vc_raw_html]JTNDaDUlMjBzdHlsZSUzRCUyMmNvbG9yJTNBJTIwJTIzMDAwMDAwJTNCJTIwdGV4dC1hbGlnbiUzQSUyMGNlbnRlciUzQiUyMiUzRUNvbnRhY3QlMjBVcyUyMSUzQyUyRmg1JTNFJTNDcCUyMHN0eWxlJTNEJTIydGV4dC1hbGlnbiUzQSUyMGNlbnRlciUzQiUyMiUzRSUyMEZvciUyMGRldGFpbGVkJTIwcXVlc3Rpb25zJTIwYW5kJTIwb3JkZXJzJTIweW91JTIwY2FuJTIwcmVhY2glMjB1cyUyMGJ5JTIwcGhvbmUlMjBvciUyMHlvdSUyMGNhbiUyMGp1c3QlMjBlbWFpbCUyMHVzLiUzQyUyRnAlM0U=[\/vc_raw_html][vc_separator el_width=&#8221;50&#8243; css=&#8221;.vc_custom_1598035168195{margin-bottom: 40px !important;}&#8221;][vc_row_inner css=&#8221;.vc_custom_1598035087859{margin-bottom: 0px !important;}&#8221;][vc_column_inner width=&#8221;1\/2&#8243;][vc_column_text]<\/p>\n<div class=\"office-address primary-text\" style=\"text-align: center;\">Pendik Factory(Main Office)<\/div>\n<p style=\"text-align: center;\">Duml\u0131p\u0131nar Mah. Tevfik \u0130leri Cad. No:49, 34896<br \/>\nPendik \/ ISTANBUL \/ TURKIYE<\/p>\n<p>[\/vc_column_text][\/vc_column_inner][vc_column_inner width=&#8221;1\/2&#8243;][vc_column_text]<\/p>\n<div class=\"office-address primary-text\" style=\"text-align: center;\">Gebze Factory<\/div>\n<p style=\"text-align: center;\">Beylikba\u011f\u0131 Mevkii, 326\/2 Sok. No:8 41400,<br \/>\nGebze \/ IZMIT \/ TURKIYE<\/p>\n<p>[\/vc_column_text][\/vc_column_inner][\/vc_row_inner][vc_row_inner css=&#8221;.vc_custom_1598034922793{margin-bottom: 0px !important;padding-top: 30px !important;}&#8221;][vc_column_inner width=&#8221;1\/2&#8243;][vc_column_text]<\/p>\n<div class=\"phone-numbers primary-text\" style=\"text-align: center;\">Phone<\/div>\n<p class=\"text-color-default\" style=\"text-align: center;\">+90 (216) 598 35 35<\/p>\n<p>[\/vc_column_text][\/vc_column_inner][vc_column_inner width=&#8221;1\/2&#8243;][vc_column_text]<\/p>\n<div class=\"email-address primary-text\" style=\"text-align: center;\">E-Mail<\/div>\n<p style=\"text-align: center;\"><a href=\"mailto:info@guzelis.com.tr\" target=\"_blank\" rel=\"noopener noreferrer\">info@guzelis.com.tr<\/a><\/p>\n<p>[\/vc_column_text][\/vc_column_inner][\/vc_row_inner][\/vc_column][\/vc_row][vc_row][vc_column][vc_empty_space height=&#8221;70px&#8221;][\/vc_column][\/vc_row]<\/p>\n<\/div>","protected":false},"excerpt":{"rendered":"<p>[vc_row css=&#8221;.vc_custom_1598035068048{margin-bottom: 0px !important;}&#8221;][vc_column][vc_raw_html]JTNDaDUlMjBzdHlsZSUzRCUyMmNvbG9yJTNBJTIwJTIzMDAwMDAwJTNCJTIwdGV4dC1hbGlnbiUzQSUyMGNlbnRlciUzQiUyMiUzRUNvbnRhY3QlMjBVcyUyMSUzQyUyRmg1JTNFJTNDcCUyMHN0eWxlJTNEJTIydGV4dC1hbGlnbiUzQSUyMGNlbnRlciUzQiUyMiUzRSUyMEZvciUyMGRldGFpbGVkJTIwcXVlc3Rpb25zJTIwYW5kJTIwb3JkZXJzJTIweW91JTIwY2FuJTIwcmVhY2glMjB1cyUyMGJ5JTIwcGhvbmUlMjBvciUyMHlvdSUyMGNhbiUyMGp1c3QlMjBlbWFpbCUyMHVzLiUzQyUyRnAlM0U=[\/vc_raw_html][vc_separator el_width=&#8221;50&#8243; css=&#8221;.vc_custom_1598035168195{margin-bottom: 40px !important;}&#8221;][vc_row_inner css=&#8221;.vc_custom_1598035087859{margin-bottom: 0px !important;}&#8221;][vc_column_inner width=&#8221;1\/2&#8243;][vc_column_text] Pendik Factory(Main Office) Duml\u0131p\u0131nar Mah. Tevfik \u0130leri Cad. No:49, 34896 Pendik \/ ISTANBUL \/ TURKIYE [\/vc_column_text][\/vc_column_inner][vc_column_inner width=&#8221;1\/2&#8243;][vc_column_text] Gebze Factory Beylikba\u011f\u0131 Mevkii, 326\/2 Sok. No:8 41400, Gebze \/ IZMIT \/ TURKIYE [\/vc_column_text][\/vc_column_inner][\/vc_row_inner][vc_row_inner css=&#8221;.vc_custom_1598034922793{margin-bottom: 0px !important;padding-top: 30px !important;}&#8221;][vc_column_inner width=&#8221;1\/2&#8243;][vc_column_text] Phone +90 (216) 598 35 35 [&hellip;]<\/p>\n","protected":false},"author":7,"featured_media":0,"parent":0,"menu_order":0,"comment_status":"closed","ping_status":"closed","template":"","meta":{"footnotes":""},"_links":{"self":[{"href":"https:\/\/www.eternitycook.com\/en\/wp-json\/wp\/v2\/pages\/1613"}],"collection":[{"href":"https:\/\/www.eternitycook.com\/en\/wp-json\/wp\/v2\/pages"}],"about":[{"href":"https:\/\/www.eternitycook.com\/en\/wp-json\/wp\/v2\/types\/page"}],"author":[{"embeddable":true,"href":"https:\/\/www.eternitycook.com\/en\/wp-json\/wp\/v2\/users\/7"}],"replies":[{"embeddable":true,"href":"https:\/\/www.eternitycook.com\/en\/wp-json\/wp\/v2\/comments?post=1613"}],"version-history":[{"count":25,"href":"https:\/\/www.eternitycook.com\/en\/wp-json\/wp\/v2\/pages\/1613\/revisions"}],"predecessor-version":[{"id":9680,"href":"https:\/\/www.eternitycook.com\/en\/wp-json\/wp\/v2\/pages\/1613\/revisions\/9680"}],"wp:attachment":[{"href":"https:\/\/www.eternitycook.com\/en\/wp-json\/wp\/v2\/media?parent=1613"}],"curies":[{"name":"wp","href":"https:\/\/api.w.org\/{rel}","templated":true}]}}